{"id":3,"date":"2024-06-11T12:32:09","date_gmt":"2024-06-11T12:32:09","guid":{"rendered":"https:\/\/van-3d.com\/?page_id=3"},"modified":"2024-06-11T13:05:04","modified_gmt":"2024-06-11T13:05:04","slug":"mentions-legales","status":"publish","type":"page","link":"https:\/\/van-3d.com\/pt\/mentions-legales\/","title":{"rendered":"Avisos Legais"},"content":{"rendered":"<p>C<em>De acordo com as disposi\u00e7\u00f5es da Lei n\u00ba 2004-575, de 21 de junho de 2004, para a confian\u00e7a na economia digital, os usu\u00e1rios do site s\u00e3o informados https:\/\/<\/em>van-3d.com\u00a0<em>a identidade dos v\u00e1rios intervenientes no contexto da sua implementa\u00e7\u00e3o e monitoriza\u00e7\u00e3o.<\/em><\/p>\n\n\n\n<h2 class=\"wp-block-heading\">Direitos autorais&nbsp;&nbsp;<\/h2>\n\n\n\n<p>O site e os seus conte\u00fados est\u00e3o protegidos por direitos de autor de acordo com o disposto nos livros I a III do C\u00f3digo da Propriedade Intelectual. Como tal, \u00e9 proibida qualquer reprodu\u00e7\u00e3o, representa\u00e7\u00e3o, utiliza\u00e7\u00e3o, adapta\u00e7\u00e3o, modifica\u00e7\u00e3o, incorpora\u00e7\u00e3o, tradu\u00e7\u00e3o, comercializa\u00e7\u00e3o, parcial ou completa, dos elementos contidos neste site, sem a pr\u00e9via autoriza\u00e7\u00e3o escrita dos autores, sob pena de constituir crime de falsifica\u00e7\u00e3o de direitos autorais.<\/p>\n\n\n\n<h2 class=\"wp-block-heading\">Editando o site<\/h2>\n\n\n\n<p>O site https:\/\/van-3d.com \u00e9 publicado pela empresa van-3d.com<\/p>\n\n\n\n<h2 class=\"wp-block-heading\">Gerente de publica\u00e7\u00e3o<\/h2>\n\n\n\n<p>van-3d.com\u00a0<\/p>\n\n\n\n<h2 class=\"wp-block-heading\">Hospedar<\/h2>\n\n\n\n<p>O site https:\/\/van-3d.com \u00e9 hospedado pela empresa Obambu SARL<\/p>\n\n\n\n<p>O nome de dom\u00ednio \u00e9 hospedado por Obambu SARL<\/p>\n\n\n\n<p>Endere\u00e7o: 10 rue de Penthi\u00e8vre \u2013 75008 Paris \u2013 Fran\u00e7a<\/p>\n\n\n\n<p>N\u00famero da Siret: 510 909 807 00024<\/p>\n\n\n\n<p>Obambu SARL com capital de 15.000\u20ac&nbsp;<\/p>\n\n\n\n<p>Obambu \u00e9 uma marca protegida em Fran\u00e7a e no estrangeiro, registada no INPI sob o n\u00famero 4191952<\/p>\n\n\n\n<h2 class=\"wp-block-heading\">Utiliza\u00e7\u00e3o de dados pessoais recolhidos&nbsp;<\/h2>\n\n\n\n<p>De um modo geral, n\u00e3o \u00e9 obrigado a fornecer-nos os seus dados pessoais quando visita o nosso website. No entanto, este princ\u00edpio tem certas exce\u00e7\u00f5es. Com efeito, para determinados servi\u00e7os oferecidos pelo nosso site, poder\u00e1 ser-lhe solicitado que nos comunique determinados dados, tais como: o seu nome, o seu cargo, o nome da sua empresa, o seu endere\u00e7o de e-mail e o seu n\u00famero de telefone. \u00c9 o que acontece quando preenche o formul\u00e1rio que lhe \u00e9 oferecido online, na sec\u00e7\u00e3o \u201ccontacto\u201d. Em qualquer caso, poder\u00e1 recusar o fornecimento dos seus dados pessoais. Neste caso, n\u00e3o poder\u00e1 utilizar os servi\u00e7os do site, nomeadamente o de solicitar informa\u00e7\u00f5es sobre a nossa empresa, ou de receber newsletters.<\/p>\n\n\n\n<p>Por \u00faltimo, este site poder\u00e1 recolher automaticamente determinadas informa\u00e7\u00f5es sobre si durante uma simples navega\u00e7\u00e3o neste site, nomeadamente informa\u00e7\u00f5es relativas \u00e0 utiliza\u00e7\u00e3o do mesmo, como as \u00e1reas que visita e os servi\u00e7os a que acede, o seu endere\u00e7o IP, o seu tipo de navegador, o seu acesso vezes. Essas informa\u00e7\u00f5es s\u00e3o utilizadas exclusivamente para fins estat\u00edsticos internos, a fim de melhorar a qualidade dos servi\u00e7os que lhe s\u00e3o oferecidos. As bases de dados est\u00e3o protegidas pelas disposi\u00e7\u00f5es da lei de 1 de julho de 1998 que transp\u00f5e a diretiva 96\/9 de 11 de mar\u00e7o de 1996 relativa \u00e0 prote\u00e7\u00e3o jur\u00eddica das bases de dados.<\/p>\n\n\n\n<h2 class=\"wp-block-heading\">Coment\u00e1rios<\/h2>\n\n\n\n<p>Quando voc\u00ea deixa um coment\u00e1rio em nosso site, os dados inseridos no formul\u00e1rio de coment\u00e1rios, mas tamb\u00e9m o seu endere\u00e7o IP e o agente do usu\u00e1rio do seu navegador s\u00e3o coletados para nos ajudar a detectar coment\u00e1rios indesejados.<\/p>\n\n\n\n<p>Uma string an\u00f4nima criada a partir do seu endere\u00e7o de e-mail (tamb\u00e9m chamada de hash) pode ser enviada ao servi\u00e7o Gravatar para verificar se voc\u00ea a est\u00e1 usando. As cl\u00e1usulas de confidencialidade do servi\u00e7o Gravatar est\u00e3o dispon\u00edveis aqui:&nbsp;<\/p>\n\n\n\n<p>Ap\u00f3s a valida\u00e7\u00e3o do seu coment\u00e1rio, a foto do seu perfil ficar\u00e1 vis\u00edvel publicamente ao lado do seu coment\u00e1rio.<\/p>\n\n\n\n<p>Se voc\u00ea deixar um coment\u00e1rio em nosso site, poder\u00e1 salvar seu nome, endere\u00e7o de e-mail e site em cookies. Isso \u00e9 apenas para sua comodidade, para que voc\u00ea n\u00e3o precise preencher essas informa\u00e7\u00f5es caso deixe outro coment\u00e1rio posteriormente. Estes cookies expiram ap\u00f3s um ano.<\/p>\n\n\n\n<p>Se voc\u00ea deixar um coment\u00e1rio, o coment\u00e1rio e seus metadados ser\u00e3o retidos indefinidamente. Isso permite que os coment\u00e1rios subsequentes sejam reconhecidos e aprovados automaticamente, em vez de deix\u00e1-los na fila de modera\u00e7\u00e3o.<\/p>\n\n\n\n<p>Os artigos neste site podem incluir conte\u00fado incorporado (por exemplo, v\u00eddeos, imagens, artigos, etc.). O conte\u00fado incorporado de outros sites se comporta da mesma forma como se o visitante acessasse esse outro site. Esses sites podem coletar dados sobre voc\u00ea, usar cookies, incorporar ferramentas de rastreamento de terceiros e rastrear suas intera\u00e7\u00f5es com esse conte\u00fado incorporado se voc\u00ea tiver uma conta conectada ao site deles.<\/p>\n\n\n\n<h2 class=\"wp-block-heading\">M\u00eddia, imagens e v\u00eddeos do site<\/h2>\n\n\n\n<p>As imagens e v\u00eddeos utilizados e publicados em https:\/\/van-3d.com v\u00eam da internet. Tentamos, tanto quanto poss\u00edvel, usar imagens livres de royalties via https:\/\/pixabay.com\/fr\/, por exemplo.\u00a0<\/p>\n\n\n\n<p>Se, no entanto, uma imagem ou v\u00eddeo cujos direitos n\u00e3o sejam gratuitos tiver sido utilizado no nosso site, eliminaremos imediatamente os elementos ap\u00f3s nos contactar atrav\u00e9s de contact@van-3d.com\u00a0<\/p>\n\n\n\n<h2 class=\"wp-block-heading\">Biscoitos<\/h2>\n\n\n\n<p>O que \u00e9 um \u201cbiscoito\u201d?<\/p>\n\n\n\n<p>Um \u201cCookie\u201d ou rastreador \u00e9 um arquivo eletr\u00f4nico colocado em um terminal (computador, tablet, smartphone, etc.) e lido, por exemplo, ao consultar um site, ler um e-mail, instalar ou usar um software ou aplicativo m\u00f3vel, independentemente de o tipo de terminal utilizado (fonte: https:\/\/www.cnil.fr\/fr\/cookies-traceurs-que-dit-la-law).<\/p>\n\n\n\n<p>Ao navegar neste site, podem ser colocados no seu terminal \u201ccookies\u201d da empresa respons\u00e1vel pelo site em quest\u00e3o e\/ou de empresas terceiras.<\/p>\n\n\n\n<p>Ao navegar pela primeira vez neste site, aparece um banner explicativo sobre a utiliza\u00e7\u00e3o de \u201ccookies\u201d. A partir de ent\u00e3o, ao continuar a navegar, considerar-se-\u00e1 que o cliente e\/ou potencial cliente foi informado e aceitou a utiliza\u00e7\u00e3o dos referidos \u201ccookies\u201d. O usu\u00e1rio tem a op\u00e7\u00e3o de desativar os cookies nas configura\u00e7\u00f5es do seu navegador.<\/p>\n\n\n\n<p>Qualquer informa\u00e7\u00e3o recolhida ser\u00e1 utilizada apenas para rastrear o volume, tipo e padr\u00e3o de tr\u00e1fego que utiliza este site, para desenvolver o seu design e layout e para outros fins administrativos e de planeamento e, em geral, para melhorar o servi\u00e7o que lhe oferecemos.<\/p>\n\n\n\n<p>\u201cCookies\u201d tamb\u00e9m s\u00e3o usados por determinados servi\u00e7os independentes de van-3d.com para lembrar sua identifica\u00e7\u00e3o em sites sociais ou para fornecer publicidade direcionada.<\/p>\n\n\n\n<ul class=\"wp-block-list\">\n<li>O Google Analytics utiliza cookies para compilar estat\u00edsticas:\u00a0<a href=\"http:\/\/tools.google.com\/dlpage\/gaoptout\">mais informa\u00e7\u00f5es<\/a><\/li>\n\n\n\n<li>Google :\u00a0<a href=\"https:\/\/policies.google.com\/\">Pol\u00edtica de Privacidade e Termos de Uso<\/a><\/li>\n<\/ul>\n\n\n\n<p>Epic-guitare-electrique.com tamb\u00e9m oferece acesso a diversas redes sociais como Facebook, Twitter ou Pinterest, bem como links para nossos diversos parceiros comerciais. Estes servi\u00e7os tamb\u00e9m utilizam cookies. Portanto, compartilhamos informa\u00e7\u00f5es sobre o uso do nosso site com esses parceiros, que podem combin\u00e1-las com outras informa\u00e7\u00f5es que voc\u00ea lhes forneceu ou que eles coletaram durante o uso dos seus servi\u00e7os.<\/p>\n\n\n\n<ul class=\"wp-block-list\">\n<li>O Facebook usa cookies:\u00a0<a href=\"https:\/\/www.facebook.com\/help\/365596123604315\">mais informa\u00e7\u00f5es<\/a><\/li>\n\n\n\n<li>O Twitter usa cookies:\u00a0<a href=\"https:\/\/support.twitter.com\/articles\/20171379\">mais informa\u00e7\u00f5es<\/a><\/li>\n\n\n\n<li>O Pinterest usa cookies:\u00a0<a href=\"https:\/\/policy.pinterest.com\/fr\/cookies\">mais informa\u00e7\u00f5es<\/a><\/li>\n\n\n\n<li>Reddit usa cookies:\u00a0<a href=\"https:\/\/www.reddit.com\/wiki\/privacypolicy\">mais informa\u00e7\u00f5es<\/a><\/li>\n\n\n\n<li>O LinkedIn usa cookies:\u00a0<a href=\"https:\/\/www.linkedin.com\/legal\/cookie-policy?_l=fr_FR\">mais informa\u00e7\u00f5es<\/a><\/li>\n\n\n\n<li>A Amazon usa cookies:\u00a0<a href=\"https:\/\/www.amazon.fr\/gp\/help\/customer\/display.html?nodeId=548608\">mais informa\u00e7\u00f5es<\/a><\/li>\n\n\n\n<li>TradeTracker usa cookies:\u00a0<a href=\"https:\/\/tradetracker.com\/fr\/cookie-policy\/\">mais informa\u00e7\u00f5es<\/a><\/li>\n<\/ul>\n\n\n\n<h2 class=\"wp-block-heading\">Responsabilidades<\/h2>\n\n\n\n<p>O editor n\u00e3o pode ser responsabilizado em caso de falha, avaria, dificuldade ou interrup\u00e7\u00e3o de funcionamento, impedindo o acesso ao site ou a uma das suas funcionalidades.<\/p>\n\n\n\n<p>O material de conex\u00e3o do site que voc\u00ea utiliza \u00e9 de sua exclusiva responsabilidade. Voc\u00ea deve tomar todas as medidas apropriadas para proteger seu equipamento e seus pr\u00f3prios dados, especialmente contra ataques virais via Internet. Voc\u00ea tamb\u00e9m \u00e9 o \u00fanico respons\u00e1vel pelos sites e dados que consulta.<\/p>\n\n\n\n<p>O editor n\u00e3o pode ser responsabilizado em caso de processo judicial contra voc\u00ea:<\/p>\n\n\n\n<p>\u2013 devido \u00e0 utiliza\u00e7\u00e3o do site ou de qualquer servi\u00e7o acess\u00edvel atrav\u00e9s da Internet;<\/p>\n\n\n\n<p>\u2013 devido ao seu n\u00e3o cumprimento destas condi\u00e7\u00f5es gerais.<\/p>\n\n\n\n<p>O editor n\u00e3o \u00e9 respons\u00e1vel por danos causados a voc\u00ea, a terceiros e\/ou ao seu equipamento como resultado de sua conex\u00e3o ou uso do site e voc\u00ea renuncia a qualquer a\u00e7\u00e3o contra ele como resultado.<\/p>\n\n\n\n<p>Se o editor for objecto de um procedimento amig\u00e1vel ou legal devido \u00e0 sua utiliza\u00e7\u00e3o do site, ele poder\u00e1 voltar-se contra si para obter uma indemniza\u00e7\u00e3o por todos os danos, somas, condena\u00e7\u00f5es e custos que possam surgir deste procedimento.<\/p>\n\n\n\n<h2 class=\"wp-block-heading\">Informa\u00e7\u00f5es de contato<\/h2>\n\n\n\n<p>Para qualquer d\u00favida, informa\u00e7\u00e3o sobre os produtos apresentados no site, ou relativa ao pr\u00f3prio site, poder\u00e1 deixar uma mensagem no seguinte endere\u00e7o: contact@van-3d.com<\/p>","protected":false},"excerpt":{"rendered":"<p>Conform\u00e9ment aux dispositions de la loi n\u00b0 2004-575 du 21 juin 2004 pour la confiance en l\u2019\u00e9conomie num\u00e9rique, il est pr\u00e9cis\u00e9 aux utilisateurs du site https:\/\/van-3d.com\u00a0l\u2019identit\u00e9 des diff\u00e9rents intervenants dans le cadre de sa r\u00e9alisation et de son suivi. Droits d\u2019auteurs&nbsp;&nbsp; Le site et ses contenus sont prot\u00e9g\u00e9s au titre du droit d\u2019auteur conform\u00e9ment aux &#8230; <a title=\"Avisos Legais\" class=\"read-more\" href=\"https:\/\/van-3d.com\/pt\/mentions-legales\/\" aria-label=\"Read more about Mentions L\u00e9gales\">Leia mais<\/a><\/p>","protected":false},"author":1,"featured_media":0,"parent":0,"menu_order":0,"comment_status":"closed","ping_status":"open","template":"","meta":{"footnotes":""},"class_list":["post-3","page","type-page","status-publish"],"yoast_head":"<!-- This site is optimized with the Yoast SEO plugin v27.5 - https:\/\/yoast.com\/product\/yoast-seo-wordpress\/ -->\n<title>Mentions L\u00e9gales<\/title>\n<meta name=\"robots\" content=\"noindex, nofollow\" \/>\n<meta property=\"og:locale\" content=\"pt_BR\" \/>\n<meta property=\"og:type\" content=\"article\" \/>\n<meta property=\"og:title\" content=\"Mentions L\u00e9gales\" \/>\n<meta property=\"og:description\" content=\"Conform\u00e9ment aux dispositions de la loi n\u00b0 2004-575 du 21 juin 2004 pour la confiance en l\u2019\u00e9conomie num\u00e9rique, il est pr\u00e9cis\u00e9 aux utilisateurs du site https:\/\/van-3d.com\u00a0l\u2019identit\u00e9 des diff\u00e9rents intervenants dans le cadre de sa r\u00e9alisation et de son suivi. Droits d\u2019auteurs&nbsp;&nbsp; Le site et ses contenus sont prot\u00e9g\u00e9s au titre du droit d\u2019auteur conform\u00e9ment aux ... Leia mais\" \/>\n<meta property=\"og:url\" content=\"https:\/\/van-3d.com\/pt\/mentions-legales\/\" \/>\n<meta property=\"og:site_name\" content=\"VAN 3D\" \/>\n<meta property=\"article:modified_time\" content=\"2024-06-11T13:05:04+00:00\" \/>\n<meta name=\"twitter:card\" content=\"summary_large_image\" \/>\n<meta name=\"twitter:label1\" content=\"Est. tempo de leitura\" \/>\n\t<meta name=\"twitter:data1\" content=\"8 minutos\" \/>\n<script type=\"application\/ld+json\" class=\"yoast-schema-graph\">{\"@context\":\"https:\\\/\\\/schema.org\",\"@graph\":[{\"@type\":\"WebPage\",\"@id\":\"https:\\\/\\\/van-3d.com\\\/mentions-legales\\\/\",\"url\":\"https:\\\/\\\/van-3d.com\\\/mentions-legales\\\/\",\"name\":\"Mentions L\u00e9gales\",\"isPartOf\":{\"@id\":\"https:\\\/\\\/van-3d.com\\\/#website\"},\"datePublished\":\"2024-06-11T12:32:09+00:00\",\"dateModified\":\"2024-06-11T13:05:04+00:00\",\"breadcrumb\":{\"@id\":\"https:\\\/\\\/van-3d.com\\\/mentions-legales\\\/#breadcrumb\"},\"inLanguage\":\"pt-BR\",\"potentialAction\":[{\"@type\":\"ReadAction\",\"target\":[\"https:\\\/\\\/van-3d.com\\\/mentions-legales\\\/\"]}]},{\"@type\":\"BreadcrumbList\",\"@id\":\"https:\\\/\\\/van-3d.com\\\/mentions-legales\\\/#breadcrumb\",\"itemListElement\":[{\"@type\":\"ListItem\",\"position\":1,\"name\":\"Accueil\",\"item\":\"https:\\\/\\\/van-3d.com\\\/\"},{\"@type\":\"ListItem\",\"position\":2,\"name\":\"Mentions L\u00e9gales\"}]},{\"@type\":\"WebSite\",\"@id\":\"https:\\\/\\\/van-3d.com\\\/#website\",\"url\":\"https:\\\/\\\/van-3d.com\\\/\",\"name\":\"VAN 3D\",\"description\":\"Le blog du plan 3D pour Van et Fourgon am\u00e9nag\u00e9\",\"publisher\":{\"@id\":\"https:\\\/\\\/van-3d.com\\\/#organization\"},\"potentialAction\":[{\"@type\":\"SearchAction\",\"target\":{\"@type\":\"EntryPoint\",\"urlTemplate\":\"https:\\\/\\\/van-3d.com\\\/?s={search_term_string}\"},\"query-input\":{\"@type\":\"PropertyValueSpecification\",\"valueRequired\":true,\"valueName\":\"search_term_string\"}}],\"inLanguage\":\"pt-BR\"},{\"@type\":\"Organization\",\"@id\":\"https:\\\/\\\/van-3d.com\\\/#organization\",\"name\":\"VAN 3D\",\"url\":\"https:\\\/\\\/van-3d.com\\\/\",\"logo\":{\"@type\":\"ImageObject\",\"inLanguage\":\"pt-BR\",\"@id\":\"https:\\\/\\\/van-3d.com\\\/#\\\/schema\\\/logo\\\/image\\\/\",\"url\":\"https:\\\/\\\/van-3d.com\\\/wp-content\\\/uploads\\\/2024\\\/06\\\/cropped-plan-3D.com_.png\",\"contentUrl\":\"https:\\\/\\\/van-3d.com\\\/wp-content\\\/uploads\\\/2024\\\/06\\\/cropped-plan-3D.com_.png\",\"width\":500,\"height\":471,\"caption\":\"VAN 3D\"},\"image\":{\"@id\":\"https:\\\/\\\/van-3d.com\\\/#\\\/schema\\\/logo\\\/image\\\/\"}}]}<\/script>\n<!-- \/ Yoast SEO plugin. -->","yoast_head_json":{"title":"Avisos Legais","robots":{"index":"noindex","follow":"nofollow"},"og_locale":"pt_BR","og_type":"article","og_title":"Mentions L\u00e9gales","og_description":"Conform\u00e9ment aux dispositions de la loi n\u00b0 2004-575 du 21 juin 2004 pour la confiance en l\u2019\u00e9conomie num\u00e9rique, il est pr\u00e9cis\u00e9 aux utilisateurs du site https:\/\/van-3d.com\u00a0l\u2019identit\u00e9 des diff\u00e9rents intervenants dans le cadre de sa r\u00e9alisation et de son suivi. Droits d\u2019auteurs&nbsp;&nbsp; Le site et ses contenus sont prot\u00e9g\u00e9s au titre du droit d\u2019auteur conform\u00e9ment aux ... Leia mais","og_url":"https:\/\/van-3d.com\/pt\/mentions-legales\/","og_site_name":"VAN 3D","article_modified_time":"2024-06-11T13:05:04+00:00","twitter_card":"summary_large_image","twitter_misc":{"Est. tempo de leitura":"8 minutos"},"schema":{"@context":"https:\/\/schema.org","@graph":[{"@type":"WebPage","@id":"https:\/\/van-3d.com\/mentions-legales\/","url":"https:\/\/van-3d.com\/mentions-legales\/","name":"Avisos Legais","isPartOf":{"@id":"https:\/\/van-3d.com\/#website"},"datePublished":"2024-06-11T12:32:09+00:00","dateModified":"2024-06-11T13:05:04+00:00","breadcrumb":{"@id":"https:\/\/van-3d.com\/mentions-legales\/#breadcrumb"},"inLanguage":"pt-BR","potentialAction":[{"@type":"ReadAction","target":["https:\/\/van-3d.com\/mentions-legales\/"]}]},{"@type":"BreadcrumbList","@id":"https:\/\/van-3d.com\/mentions-legales\/#breadcrumb","itemListElement":[{"@type":"ListItem","position":1,"name":"Accueil","item":"https:\/\/van-3d.com\/"},{"@type":"ListItem","position":2,"name":"Mentions L\u00e9gales"}]},{"@type":"WebSite","@id":"https:\/\/van-3d.com\/#website","url":"https:\/\/van-3d.com\/","name":"VAN 3D","description":"O blog de planejamento 3D para vans e furg\u00f5es","publisher":{"@id":"https:\/\/van-3d.com\/#organization"},"potentialAction":[{"@type":"SearchAction","target":{"@type":"EntryPoint","urlTemplate":"https:\/\/van-3d.com\/?s={search_term_string}"},"query-input":{"@type":"PropertyValueSpecification","valueRequired":true,"valueName":"search_term_string"}}],"inLanguage":"pt-BR"},{"@type":"Organization","@id":"https:\/\/van-3d.com\/#organization","name":"VAN 3D","url":"https:\/\/van-3d.com\/","logo":{"@type":"ImageObject","inLanguage":"pt-BR","@id":"https:\/\/van-3d.com\/#\/schema\/logo\/image\/","url":"https:\/\/van-3d.com\/wp-content\/uploads\/2024\/06\/cropped-plan-3D.com_.png","contentUrl":"https:\/\/van-3d.com\/wp-content\/uploads\/2024\/06\/cropped-plan-3D.com_.png","width":500,"height":471,"caption":"VAN 3D"},"image":{"@id":"https:\/\/van-3d.com\/#\/schema\/logo\/image\/"}}]}},"_links":{"self":[{"href":"https:\/\/van-3d.com\/pt\/wp-json\/wp\/v2\/pages\/3","targetHints":{"allow":["GET"]}}],"collection":[{"href":"https:\/\/van-3d.com\/pt\/wp-json\/wp\/v2\/pages"}],"about":[{"href":"https:\/\/van-3d.com\/pt\/wp-json\/wp\/v2\/types\/page"}],"author":[{"embeddable":true,"href":"https:\/\/van-3d.com\/pt\/wp-json\/wp\/v2\/users\/1"}],"replies":[{"embeddable":true,"href":"https:\/\/van-3d.com\/pt\/wp-json\/wp\/v2\/comments?post=3"}],"version-history":[{"count":1,"href":"https:\/\/van-3d.com\/pt\/wp-json\/wp\/v2\/pages\/3\/revisions"}],"predecessor-version":[{"id":8,"href":"https:\/\/van-3d.com\/pt\/wp-json\/wp\/v2\/pages\/3\/revisions\/8"}],"wp:attachment":[{"href":"https:\/\/van-3d.com\/pt\/wp-json\/wp\/v2\/media?parent=3"}],"curies":[{"name":"wp","href":"https:\/\/api.w.org\/{rel}","templated":true}]}}