{"id":2,"date":"2024-06-11T12:32:09","date_gmt":"2024-06-11T12:32:09","guid":{"rendered":"https:\/\/van-3d.com\/?page_id=2"},"modified":"2024-06-24T08:31:15","modified_gmt":"2024-06-24T08:31:15","slug":"logiciel-amenagement-van","status":"publish","type":"page","link":"https:\/\/van-3d.com\/pt\/","title":{"rendered":"Qual software voc\u00ea deve usar para planejar o layout da sua van? Pago ou gratuito?"},"content":{"rendered":"<p>A reforma de vans tem se tornado cada vez mais popular nos \u00faltimos anos. Essa tend\u00eancia um tanto maluca se acelerou com o aumento do trabalho on-line e a busca por novas experi\u00eancias de viagem. O desejo de mudar de vida e de local tamb\u00e9m! Tantos t\u00f3picos quentes...<\/p>\n\n\n\n<p>Para transformar um ve\u00edculo comercial cl\u00e1ssico em um espa\u00e7o confort\u00e1vel, ferramentas digitais espec\u00edficas se tornaram indispens\u00e1veis. Visite <strong>software de ajuste de van<\/strong> ou van permitem que voc\u00ea projete meticulosamente cada detalhe do seu projeto antes de equipar o ve\u00edculo. Vamos explorar os benef\u00edcios e os recursos oferecidos por essas solu\u00e7\u00f5es.<\/p>\n\n\n<div class=\"gb-container gb-container-aaa287fc\">\n\n<figure class=\"wp-block-embed is-type-video is-provider-youtube wp-block-embed-youtube wp-embed-aspect-16-9 wp-has-aspect-ratio\"><div class=\"wp-block-embed__wrapper\">\n<iframe loading=\"lazy\" title=\"Qual software gratuito para planos 3D de vans e furg\u00f5es? Vanspace ou Sketchup?\" width=\"1200\" height=\"675\" src=\"https:\/\/www.youtube.com\/embed\/18QBNPt9PhI?feature=oembed\" frameborder=\"0\" allow=\"accelerometer; autoplay; clipboard-write; encrypted-media; gyroscope; picture-in-picture; web-share\" referrerpolicy=\"strict-origin-when-cross-origin\" allowfullscreen><\/iframe>\n<\/div><\/figure>\n\n<\/div>\n\n\n<h2 class=\"wp-block-heading\"><strong>A fun\u00e7\u00e3o essencial do software no projeto de sua van convertida<\/strong><\/h2>\n\n\n\n<p>O uso de software de planejamento para equipar a sua van facilita muito a fase de projeto. Al\u00e9m de poder visualizar o projeto final, voc\u00ea tamb\u00e9m pode prever poss\u00edveis problemas, economizando tempo e dinheiro. A modelagem de um plano 3D \u00e9 muito mais f\u00e1cil de acessar hoje em dia, mesmo que voc\u00ea tenha que reservar algum tempo para treinamento. Vamos encarar os fatos!&nbsp;<\/p>\n\n\n\n<h3 class=\"wp-block-heading\"><strong>Modelagem 3D e realidade aumentada<\/strong><\/h3>\n\n\n\n<p>O <strong>software moderno<\/strong> geralmente oferecem recursos de modelagem em 3D. Essa perspectiva tridimensional \u00e9 inestim\u00e1vel, pois fornece uma representa\u00e7\u00e3o realista do interior da van depois de equipada. Algumas ferramentas at\u00e9 incorporam <strong>realidade aumentada<\/strong> para sobrepor virtualmente o design ao seu ve\u00edculo real, proporcionando uma vis\u00e3o ainda mais realista.<\/p>\n\n\n\n<h3 class=\"wp-block-heading\"><strong>Elementos e espa\u00e7os de planejamento<\/strong><\/h3>\n\n\n\n<p>O planejamento de elementos essenciais, como camas, arm\u00e1rios, cozinhas e banheiros, torna-se muito mais intuitivo gra\u00e7as ao <strong>software especializado<\/strong>. Voc\u00ea pode testar diferentes configura\u00e7\u00f5es e otimizar o espa\u00e7o dispon\u00edvel de acordo com suas necessidades pessoais. Isso ajuda a evitar erros comuns, como superlota\u00e7\u00e3o ou subutiliza\u00e7\u00e3o do espa\u00e7o.<\/p>\n\n\n\n<h3 class=\"wp-block-heading\"><strong>Ajuda com a certifica\u00e7\u00e3o VASP<\/strong><\/h3>\n\n\n\n<p>A aprova\u00e7\u00e3o da VASP exige o cumprimento de v\u00e1rios crit\u00e9rios. Em particular, o layout no corredor principal, as aberturas, a ventila\u00e7\u00e3o etc. A mensagem aqui \u00e9 produzir planos em 2D ou 3D para ajudar a projetar o layout em conformidade com os regulamentos da DREAL. Tanto para motorhomes quanto para vans.<\/p>\n\n\n\n<h2 class=\"wp-block-heading\"><strong>Compara\u00e7\u00e3o do melhor software de design de van<\/strong><\/h2>\n\n\n\n<p>H\u00e1 v\u00e1rios pacotes de software no mercado, cada um com seus pr\u00f3prios recursos e benef\u00edcios. Aqui est\u00e1 uma compara\u00e7\u00e3o detalhada das ferramentas mais populares:<\/p>\n\n\n\n<h3 class=\"wp-block-heading\"><strong>SketchUp<\/strong><\/h3>\n\n\n\n<figure class=\"gb-block-image gb-block-image-2a877ff8\"><img loading=\"lazy\" decoding=\"async\" width=\"800\" height=\"422\" class=\"gb-image gb-image-2a877ff8\" src=\"https:\/\/van-3d.com\/wp-content\/uploads\/2024\/06\/plan-van-sketchup.jpg\" alt=\"plan van avec sketchup 3D\" title=\"plano-van-sketchup\" srcset=\"https:\/\/van-3d.com\/wp-content\/uploads\/2024\/06\/plan-van-sketchup.jpg 800w, https:\/\/van-3d.com\/wp-content\/uploads\/2024\/06\/plan-van-sketchup-300x158.jpg 300w, https:\/\/van-3d.com\/wp-content\/uploads\/2024\/06\/plan-van-sketchup-768x405.jpg 768w\" sizes=\"auto, (max-width: 800px) 100vw, 800px\" \/><\/figure>\n\n\n\n<p class=\"has-small-font-size\"><em>Fonte : Salty Vanventures<\/em><\/p>\n\n\n\n<p>O SketchUp \u00e9 altamente considerado por sua flexibilidade e facilidade de uso. Ele oferece uma enorme biblioteca de objetos 3D prontos para uso que podem ser integrados diretamente ao seu plano. Voc\u00ea tamb\u00e9m pode criar objetos personalizados, se necess\u00e1rio.<\/p>\n\n\n\n<ul class=\"wp-block-list\">\n<li><strong>Vantagens :<\/strong> Interface intuitiva, vasta biblioteca de elementos, op\u00e7\u00f5es de personaliza\u00e7\u00e3o.<\/li>\n\n\n\n<li><strong>Desvantagens :<\/strong> Curva de aprendizado para usu\u00e1rios iniciantes, op\u00e7\u00f5es limitadas sem plug-ins externos.<\/li>\n<\/ul>\n\n\n\n<h3 class=\"wp-block-heading\"><strong>Doce Lar 3D<\/strong><\/h3>\n\n\n\n<figure class=\"gb-block-image gb-block-image-64a192d7\"><img loading=\"lazy\" decoding=\"async\" width=\"800\" height=\"406\" class=\"gb-image gb-image-64a192d7\" src=\"https:\/\/van-3d.com\/wp-content\/uploads\/2024\/06\/plan-3d-avec-sweet-home-3d.jpg\" alt=\"plan 3d avec Sweet Home 3D\" title=\"plano-3d-com-casa-doce-3d\" srcset=\"https:\/\/van-3d.com\/wp-content\/uploads\/2024\/06\/plan-3d-avec-sweet-home-3d.jpg 800w, https:\/\/van-3d.com\/wp-content\/uploads\/2024\/06\/plan-3d-avec-sweet-home-3d-300x152.jpg 300w, https:\/\/van-3d.com\/wp-content\/uploads\/2024\/06\/plan-3d-avec-sweet-home-3d-768x390.jpg 768w\" sizes=\"auto, (max-width: 800px) 100vw, 800px\" \/><\/figure>\n\n\n\n<p>Esse software se destaca por sua abordagem f\u00e1cil de usar e por suas muitas op\u00e7\u00f5es predefinidas. Ideal para qualquer pessoa que queira criar um modelo 3D de forma r\u00e1pida e eficiente, sem habilidades t\u00e9cnicas avan\u00e7adas.<\/p>\n\n\n\n<ul class=\"wp-block-list\">\n<li><strong>Vantagens :<\/strong> F\u00e1cil de usar, v\u00e1rios modelos incorporados, ferramenta gratuita.<\/li>\n\n\n\n<li><strong>Desvantagens :<\/strong> Menos flex\u00edvel que o SketchUp, menor qualidade visual das renderiza\u00e7\u00f5es.<\/li>\n<\/ul>\n\n\n\n<h3 class=\"wp-block-heading\"><strong>VanSpace 3D<\/strong><\/h3>\n\n\n\n<p>Projetado especificamente para ser instalado em ve\u00edculos, <em><strong><a href=\"https:\/\/van-3d.com\/pt\/vanspace-3d-gratuit\/\">VanSpace 3D<\/a> <\/strong><\/em>oferece ferramentas e modelos adaptados \u00e0s dimens\u00f5es t\u00edpicas do interior de uma van ou caminh\u00e3o. Esse software \u00e9 a resposta perfeita para as necessidades dos entusiastas da vida em vans.<\/p>\n\n\n\n<figure class=\"gb-block-image gb-block-image-d36a79f2\"><img loading=\"lazy\" decoding=\"async\" width=\"800\" height=\"406\" class=\"gb-image gb-image-d36a79f2\" src=\"https:\/\/van-3d.com\/wp-content\/uploads\/2024\/06\/plan-3d-avec-vanspace-3d.jpg\" alt=\"plan 3d avec vanspace 3D\" title=\"plano-3d-com-vanspace-3d\" srcset=\"https:\/\/van-3d.com\/wp-content\/uploads\/2024\/06\/plan-3d-avec-vanspace-3d.jpg 800w, https:\/\/van-3d.com\/wp-content\/uploads\/2024\/06\/plan-3d-avec-vanspace-3d-300x152.jpg 300w, https:\/\/van-3d.com\/wp-content\/uploads\/2024\/06\/plan-3d-avec-vanspace-3d-768x390.jpg 768w\" sizes=\"auto, (max-width: 800px) 100vw, 800px\" \/><\/figure>\n\n\n\n<ul class=\"wp-block-list\">\n<li><strong>Vantagens :<\/strong> Especializada em vans, interface acess\u00edvel, v\u00e1rios tamanhos dispon\u00edveis. Grande biblioteca de objetos, m\u00f3veis, tanques de \u00e1gua, assentos de banco etc.<\/li>\n\n\n\n<li><strong>Desvantagens :<\/strong> Menos versatilidade fora da van, custos de assinatura mais altos.<\/li>\n<\/ul>\n\n\n\n<h4 class=\"wp-block-heading\">Meu feedback<\/h4>\n\n\n\n<p>O Vanspace 3D \u00e9 uma vers\u00e3o que realmente permite que voc\u00ea desenhe planos do espa\u00e7o interno de uma van a ser equipada, por exemplo. Eu mesmo criei uma \u00e1rea de cozinha durante minha dif\u00edcil convers\u00e3o. Com uma \u00e1rea de estar onde instalei o tanque de \u00e1gua de um lado e as baterias do outro.<\/p>\n\n\n\n<p>Voc\u00ea pode criar um modelo exclusivo de mob\u00edlia, \u00e1rea da cama, \u00e1rea do computador e assim por diante. \u00c9 uma \u00f3tima fonte de ideias para quem est\u00e1 planejando uma convers\u00e3o. Na verdade, as pessoas frequentemente me pedem os planos da minha van convertida, o que mostra o quanto elas gostam dela! Mas ela tamb\u00e9m pode ser usada para mobiliar uma mini casa sem nenhum problema. Os planos n\u00e3o s\u00e3o reservados para ve\u00edculos como vans convertidas.<\/p>\n\n\n\n<h2 class=\"wp-block-heading\"><strong>Principais recursos a serem procurados em uma ferramenta de design de van<\/strong><\/h2>\n\n\n\n<p>A escolha do software certo depende de v\u00e1rios crit\u00e9rios. Aqui est\u00e3o alguns deles <strong>recursos essenciais<\/strong> a considerar para otimizar sua experi\u00eancia com m\u00f3veis:<\/p>\n\n\n\n<h3 class=\"wp-block-heading\"><strong>Integra\u00e7\u00e3o de medi\u00e7\u00f5es precisas<\/strong><\/h3>\n\n\n\n<p>Para ter <strong>Medidas exatas<\/strong> de seu ve\u00edculo \u00e9 essencial para evitar erros de dimensionamento. Um bom software deve facilitar a integra\u00e7\u00e3o desses dados. Algumas ferramentas oferecem at\u00e9 mesmo bancos de dados pr\u00e9-configurados com tamanhos padr\u00e3o para diferentes tipos de van.<\/p>\n\n\n\n<h3 class=\"wp-block-heading\"><strong>Personaliza\u00e7\u00e3o e adaptabilidade<\/strong><\/h3>\n\n\n\n<p>Cada van e cada propriet\u00e1rio t\u00eam necessidades espec\u00edficas. A capacidade de <strong>personalizar<\/strong> A capacidade de adaptar o layout para atender aos gostos e prioridades pessoais \u00e9 crucial. Os m\u00f3dulos ajust\u00e1veis e as op\u00e7\u00f5es de configura\u00e7\u00e3o de cada detalhe garantem uma solu\u00e7\u00e3o sob medida.<\/p>\n\n\n\n<h3 class=\"wp-block-heading\"><strong>Compatibilidade e exporta\u00e7\u00e3o de planos<\/strong><\/h3>\n\n\n\n<p>\u00c0s vezes, ser\u00e1 necess\u00e1rio compartilhar seu plano com colegas ou profissionais (como carpinteiros ou eletricistas). O melhor <strong>software de design<\/strong> oferecem op\u00e7\u00f5es de exporta\u00e7\u00e3o em v\u00e1rios formatos (PDF, PNG, OBJ, etc.) para facilitar a comunica\u00e7\u00e3o e a colabora\u00e7\u00e3o.<\/p>\n\n\n\n<h3 class=\"wp-block-heading\"><strong>An\u00e1lises e c\u00e1lculos autom\u00e1ticos<\/strong><\/h3>\n\n\n\n<p>Alguns programas incluem recursos avan\u00e7ados de an\u00e1lise, como o <strong>c\u00e1lculo autom\u00e1tico<\/strong> custos, materiais necess\u00e1rios e at\u00e9 mesmo implica\u00e7\u00f5es legais (peso total, distribui\u00e7\u00e3o de carga, etc.). Essas fun\u00e7\u00f5es acrescentam uma camada extra de precis\u00e3o e previs\u00e3o.<\/p>\n\n\n\n<h2 class=\"wp-block-heading\"><strong>Etapas pr\u00e1ticas para usar o software de layout de van<\/strong><\/h2>\n\n\n\n<p>Come\u00e7ar a usar um software de layout pode parecer complexo no in\u00edcio. Aqui est\u00e1 um guia pr\u00e1tico para que seu projeto tenha um bom in\u00edcio:<\/p>\n\n\n\n<h3 class=\"wp-block-heading\"><strong>Etapa 1: Medir as dimens\u00f5es<\/strong><\/h3>\n\n\n\n<p>Comece medindo seu ve\u00edculo com precis\u00e3o. Anote as principais dimens\u00f5es (comprimento, largura, altura interna), bem como a localiza\u00e7\u00e3o de janelas, portas e outras estruturas fixas.<\/p>\n\n\n\n<h3 class=\"wp-block-heading\"><strong>Etapa 2: Escolha o software certo<\/strong><\/h3>\n\n\n\n<p>Selecione um pacote de software adequado \u00e0s suas necessidades e n\u00edveis de habilidade. Se voc\u00ea for iniciante, escolha uma op\u00e7\u00e3o com uma interface simples e um suporte robusto ao usu\u00e1rio. Usu\u00e1rios experientes podem preferir uma plataforma mais t\u00e9cnica com mais espa\u00e7o para personaliza\u00e7\u00e3o.<\/p>\n\n\n\n<h3 class=\"wp-block-heading\"><strong>Etapa 3: Criar um modelo b\u00e1sico<\/strong><\/h3>\n\n\n\n<p>Use as medidas para criar um <strong>modelo b\u00e1sico<\/strong> de seu ve\u00edculo no software. Em seguida, coloque os elementos principais (como m\u00f3veis e instala\u00e7\u00f5es el\u00e9tricas) para ter uma ideia inicial de como o espa\u00e7o ser\u00e1 organizado.<\/p>\n\n\n\n<h3 class=\"wp-block-heading\"><strong>Etapa 4: Refinar e validar o projeto<\/strong><\/h3>\n\n\n\n<p>Refine os detalhes testando diferentes configura\u00e7\u00f5es at\u00e9 obter um resultado satisfat\u00f3rio. N\u00e3o hesite em pedir sugest\u00f5es de aprimoramento a seus colegas ou especialistas. Por fim, exporte e compartilhe seu plano para que voc\u00ea possa passar para a implementa\u00e7\u00e3o pr\u00e1tica.<\/p>","protected":false},"excerpt":{"rendered":"<p>L&rsquo;am\u00e9nagement de van a gagn\u00e9 en popularit\u00e9 ces derni\u00e8res ann\u00e9es. Cette tendance assez dingue, s&rsquo;est acc\u00e9l\u00e9r\u00e9e avec l&rsquo;essor du travail en ligne et la recherche de nouvelles exp\u00e9riences de voyage. L\u2019envie de changer de vie, de localisation \u00e9galement ! Tant de sujets d\u2019actualit\u00e9s\u2026 Pour transformer un v\u00e9hicule utilitaire classique en un espace de vie confortable, &#8230; <a title=\"Quel logiciel pour faire le plan d&rsquo;am\u00e9nagement de son Van ou Fourgon am\u00e9nag\u00e9 ? Payant ou gratuit ?\" class=\"read-more\" href=\"https:\/\/van-3d.com\/pt\/\" aria-label=\"Read more about Quel logiciel pour faire le plan d&rsquo;am\u00e9nagement de son Van ou Fourgon am\u00e9nag\u00e9 ? Payant ou gratuit ?\">Leia mais<\/a><\/p>","protected":false},"author":1,"featured_media":0,"parent":0,"menu_order":0,"comment_status":"closed","ping_status":"open","template":"","meta":{"footnotes":""},"class_list":["post-2","page","type-page","status-publish"],"yoast_head":"<!-- This site is optimized with the Yoast SEO plugin v27.5 - https:\/\/yoast.com\/product\/yoast-seo-wordpress\/ -->\n<title>Logiciel Am\u00e9nagement Van et Fourgon : Quels logiciel 3D ?<\/title>\n<meta name=\"description\" content=\"Logiciel Am\u00e9nagement Van et Fourgon : On vous aide \u00e0 choisir le meilleur logiciel 3D pour concevoir l&#039;int\u00e9rieur de votre v\u00e9hicule !\" \/>\n<meta name=\"robots\" content=\"index, follow, max-snippet:-1, max-image-preview:large, max-video-preview:-1\" \/>\n<link rel=\"canonical\" href=\"https:\/\/van-3d.com\/pt\/\" \/>\n<meta property=\"og:locale\" content=\"pt_BR\" \/>\n<meta property=\"og:type\" content=\"article\" \/>\n<meta property=\"og:title\" content=\"Logiciel Am\u00e9nagement Van et Fourgon : Quels logiciel 3D ?\" \/>\n<meta property=\"og:description\" content=\"Logiciel Am\u00e9nagement Van et Fourgon : On vous aide \u00e0 choisir le meilleur logiciel 3D pour concevoir l&#039;int\u00e9rieur de votre v\u00e9hicule !\" \/>\n<meta property=\"og:url\" content=\"https:\/\/van-3d.com\/pt\/\" \/>\n<meta property=\"og:site_name\" content=\"VAN 3D\" \/>\n<meta property=\"article:modified_time\" content=\"2024-06-24T08:31:15+00:00\" \/>\n<meta property=\"og:image\" content=\"https:\/\/van-3d.com\/wp-content\/uploads\/2024\/06\/plan-van-sketchup.jpg\" \/>\n<meta name=\"twitter:card\" content=\"summary_large_image\" \/>\n<meta name=\"twitter:label1\" content=\"Est. tempo de leitura\" \/>\n\t<meta name=\"twitter:data1\" content=\"6 minutos\" \/>\n<script type=\"application\/ld+json\" class=\"yoast-schema-graph\">{\"@context\":\"https:\\\/\\\/schema.org\",\"@graph\":[{\"@type\":\"WebPage\",\"@id\":\"https:\\\/\\\/van-3d.com\\\/\",\"url\":\"https:\\\/\\\/van-3d.com\\\/\",\"name\":\"Logiciel Am\u00e9nagement Van et Fourgon : Quels logiciel 3D ?\",\"isPartOf\":{\"@id\":\"https:\\\/\\\/van-3d.com\\\/#website\"},\"primaryImageOfPage\":{\"@id\":\"https:\\\/\\\/van-3d.com\\\/#primaryimage\"},\"image\":{\"@id\":\"https:\\\/\\\/van-3d.com\\\/#primaryimage\"},\"thumbnailUrl\":\"https:\\\/\\\/van-3d.com\\\/wp-content\\\/uploads\\\/2024\\\/06\\\/plan-van-sketchup.jpg\",\"datePublished\":\"2024-06-11T12:32:09+00:00\",\"dateModified\":\"2024-06-24T08:31:15+00:00\",\"description\":\"Logiciel Am\u00e9nagement Van et Fourgon : On vous aide \u00e0 choisir le meilleur logiciel 3D pour concevoir l'int\u00e9rieur de votre v\u00e9hicule !\",\"breadcrumb\":{\"@id\":\"https:\\\/\\\/van-3d.com\\\/#breadcrumb\"},\"inLanguage\":\"pt-BR\",\"potentialAction\":[{\"@type\":\"ReadAction\",\"target\":[\"https:\\\/\\\/van-3d.com\\\/\"]}]},{\"@type\":\"ImageObject\",\"inLanguage\":\"pt-BR\",\"@id\":\"https:\\\/\\\/van-3d.com\\\/#primaryimage\",\"url\":\"https:\\\/\\\/van-3d.com\\\/wp-content\\\/uploads\\\/2024\\\/06\\\/plan-van-sketchup.jpg\",\"contentUrl\":\"https:\\\/\\\/van-3d.com\\\/wp-content\\\/uploads\\\/2024\\\/06\\\/plan-van-sketchup.jpg\"},{\"@type\":\"BreadcrumbList\",\"@id\":\"https:\\\/\\\/van-3d.com\\\/#breadcrumb\",\"itemListElement\":[{\"@type\":\"ListItem\",\"position\":1,\"name\":\"Accueil\",\"item\":\"https:\\\/\\\/van-3d.com\\\/\"},{\"@type\":\"ListItem\",\"position\":2,\"name\":\"Quel logiciel pour faire le plan d&rsquo;am\u00e9nagement de son Van ou Fourgon am\u00e9nag\u00e9 ? Payant ou gratuit ?\"}]},{\"@type\":\"WebSite\",\"@id\":\"https:\\\/\\\/van-3d.com\\\/#website\",\"url\":\"https:\\\/\\\/van-3d.com\\\/\",\"name\":\"VAN 3D\",\"description\":\"Le blog du plan 3D pour Van et Fourgon am\u00e9nag\u00e9\",\"publisher\":{\"@id\":\"https:\\\/\\\/van-3d.com\\\/#organization\"},\"potentialAction\":[{\"@type\":\"SearchAction\",\"target\":{\"@type\":\"EntryPoint\",\"urlTemplate\":\"https:\\\/\\\/van-3d.com\\\/?s={search_term_string}\"},\"query-input\":{\"@type\":\"PropertyValueSpecification\",\"valueRequired\":true,\"valueName\":\"search_term_string\"}}],\"inLanguage\":\"pt-BR\"},{\"@type\":\"Organization\",\"@id\":\"https:\\\/\\\/van-3d.com\\\/#organization\",\"name\":\"VAN 3D\",\"url\":\"https:\\\/\\\/van-3d.com\\\/\",\"logo\":{\"@type\":\"ImageObject\",\"inLanguage\":\"pt-BR\",\"@id\":\"https:\\\/\\\/van-3d.com\\\/#\\\/schema\\\/logo\\\/image\\\/\",\"url\":\"https:\\\/\\\/van-3d.com\\\/wp-content\\\/uploads\\\/2024\\\/06\\\/cropped-plan-3D.com_.png\",\"contentUrl\":\"https:\\\/\\\/van-3d.com\\\/wp-content\\\/uploads\\\/2024\\\/06\\\/cropped-plan-3D.com_.png\",\"width\":500,\"height\":471,\"caption\":\"VAN 3D\"},\"image\":{\"@id\":\"https:\\\/\\\/van-3d.com\\\/#\\\/schema\\\/logo\\\/image\\\/\"}}]}<\/script>\n<!-- \/ Yoast SEO plugin. -->","yoast_head_json":{"title":"Software de montagem de van e furg\u00e3o: Qual software 3D?","description":"Software de adapta\u00e7\u00e3o de vans e furg\u00f5es: n\u00f3s o ajudaremos a escolher o melhor software 3D para projetar o interior do seu ve\u00edculo!","robots":{"index":"index","follow":"follow","max-snippet":"max-snippet:-1","max-image-preview":"max-image-preview:large","max-video-preview":"max-video-preview:-1"},"canonical":"https:\/\/van-3d.com\/pt\/","og_locale":"pt_BR","og_type":"article","og_title":"Logiciel Am\u00e9nagement Van et Fourgon : Quels logiciel 3D ?","og_description":"Logiciel Am\u00e9nagement Van et Fourgon : On vous aide \u00e0 choisir le meilleur logiciel 3D pour concevoir l'int\u00e9rieur de votre v\u00e9hicule !","og_url":"https:\/\/van-3d.com\/pt\/","og_site_name":"VAN 3D","article_modified_time":"2024-06-24T08:31:15+00:00","og_image":[{"url":"https:\/\/van-3d.com\/wp-content\/uploads\/2024\/06\/plan-van-sketchup.jpg","type":"","width":"","height":""}],"twitter_card":"summary_large_image","twitter_misc":{"Est. tempo de leitura":"6 minutos"},"schema":{"@context":"https:\/\/schema.org","@graph":[{"@type":"WebPage","@id":"https:\/\/van-3d.com\/","url":"https:\/\/van-3d.com\/","name":"Software de montagem de van e furg\u00e3o: Qual software 3D?","isPartOf":{"@id":"https:\/\/van-3d.com\/#website"},"primaryImageOfPage":{"@id":"https:\/\/van-3d.com\/#primaryimage"},"image":{"@id":"https:\/\/van-3d.com\/#primaryimage"},"thumbnailUrl":"https:\/\/van-3d.com\/wp-content\/uploads\/2024\/06\/plan-van-sketchup.jpg","datePublished":"2024-06-11T12:32:09+00:00","dateModified":"2024-06-24T08:31:15+00:00","description":"Software de adapta\u00e7\u00e3o de vans e furg\u00f5es: n\u00f3s o ajudaremos a escolher o melhor software 3D para projetar o interior do seu ve\u00edculo!","breadcrumb":{"@id":"https:\/\/van-3d.com\/#breadcrumb"},"inLanguage":"pt-BR","potentialAction":[{"@type":"ReadAction","target":["https:\/\/van-3d.com\/"]}]},{"@type":"ImageObject","inLanguage":"pt-BR","@id":"https:\/\/van-3d.com\/#primaryimage","url":"https:\/\/van-3d.com\/wp-content\/uploads\/2024\/06\/plan-van-sketchup.jpg","contentUrl":"https:\/\/van-3d.com\/wp-content\/uploads\/2024\/06\/plan-van-sketchup.jpg"},{"@type":"BreadcrumbList","@id":"https:\/\/van-3d.com\/#breadcrumb","itemListElement":[{"@type":"ListItem","position":1,"name":"Accueil","item":"https:\/\/van-3d.com\/"},{"@type":"ListItem","position":2,"name":"Quel logiciel pour faire le plan d&rsquo;am\u00e9nagement de son Van ou Fourgon am\u00e9nag\u00e9 ? Payant ou gratuit ?"}]},{"@type":"WebSite","@id":"https:\/\/van-3d.com\/#website","url":"https:\/\/van-3d.com\/","name":"VAN 3D","description":"O blog de planejamento 3D para vans e furg\u00f5es","publisher":{"@id":"https:\/\/van-3d.com\/#organization"},"potentialAction":[{"@type":"SearchAction","target":{"@type":"EntryPoint","urlTemplate":"https:\/\/van-3d.com\/?s={search_term_string}"},"query-input":{"@type":"PropertyValueSpecification","valueRequired":true,"valueName":"search_term_string"}}],"inLanguage":"pt-BR"},{"@type":"Organization","@id":"https:\/\/van-3d.com\/#organization","name":"VAN 3D","url":"https:\/\/van-3d.com\/","logo":{"@type":"ImageObject","inLanguage":"pt-BR","@id":"https:\/\/van-3d.com\/#\/schema\/logo\/image\/","url":"https:\/\/van-3d.com\/wp-content\/uploads\/2024\/06\/cropped-plan-3D.com_.png","contentUrl":"https:\/\/van-3d.com\/wp-content\/uploads\/2024\/06\/cropped-plan-3D.com_.png","width":500,"height":471,"caption":"VAN 3D"},"image":{"@id":"https:\/\/van-3d.com\/#\/schema\/logo\/image\/"}}]}},"_links":{"self":[{"href":"https:\/\/van-3d.com\/pt\/wp-json\/wp\/v2\/pages\/2","targetHints":{"allow":["GET"]}}],"collection":[{"href":"https:\/\/van-3d.com\/pt\/wp-json\/wp\/v2\/pages"}],"about":[{"href":"https:\/\/van-3d.com\/pt\/wp-json\/wp\/v2\/types\/page"}],"author":[{"embeddable":true,"href":"https:\/\/van-3d.com\/pt\/wp-json\/wp\/v2\/users\/1"}],"replies":[{"embeddable":true,"href":"https:\/\/van-3d.com\/pt\/wp-json\/wp\/v2\/comments?post=2"}],"version-history":[{"count":15,"href":"https:\/\/van-3d.com\/pt\/wp-json\/wp\/v2\/pages\/2\/revisions"}],"predecessor-version":[{"id":78,"href":"https:\/\/van-3d.com\/pt\/wp-json\/wp\/v2\/pages\/2\/revisions\/78"}],"wp:attachment":[{"href":"https:\/\/van-3d.com\/pt\/wp-json\/wp\/v2\/media?parent=2"}],"curies":[{"name":"wp","href":"https:\/\/api.w.org\/{rel}","templated":true}]}}