{"id":67,"date":"2024-06-21T15:30:50","date_gmt":"2024-06-21T15:30:50","guid":{"rendered":"https:\/\/van-3d.com\/?page_id=67"},"modified":"2024-06-21T15:30:51","modified_gmt":"2024-06-21T15:30:51","slug":"nous-contacter","status":"publish","type":"page","link":"https:\/\/van-3d.com\/de\/nous-contacter\/","title":{"rendered":"Kontaktieren Sie Uns!"},"content":{"rendered":"\n<p>Un besoin sp\u00e9cifique, des difficult\u00e9s avec vos plans d&rsquo;am\u00e9nagement ? N&rsquo;h\u00e9sitez pas \u00e0 nous contacter car nous aimons nous rendre utile sur ce sujet qui nous passionne ! Alors sentez vous libre de nous laisser un pti message via le formulaire ci-dessous : <\/p>\n\n\n\n<style id=\"wpforms-css-vars-65\">\n\t\t\t\t#wpforms-65 {\n\t\t\t\t\n\t\t\t}\n\t\t\t<\/style><div class=\"wpforms-container wpforms-container-full wpforms-render-modern\" id=\"wpforms-65\"><form id=\"wpforms-form-65\" class=\"wpforms-validate wpforms-form wpforms-ajax-form\" data-formid=\"65\" method=\"post\" enctype=\"multipart\/form-data\" action=\"\/de\/wp-json\/wp\/v2\/pages\/67\" data-token=\"57b4db4f3cdc4a57cef5baff30eb7339\" data-token-time=\"1777460252\"><noscript class=\"wpforms-error-noscript\">Bitte aktiviere JavaScript in deinem Browser, um dieses Formular fertigzustellen.<\/noscript><div id=\"wpforms-error-noscript\" style=\"display: none;\">Bitte aktiviere JavaScript in deinem Browser, um dieses Formular fertigzustellen.<\/div><div class=\"wpforms-field-container\"><div id=\"wpforms-65-field_0-container\" class=\"wpforms-field wpforms-field-name\" data-field-id=\"0\"><fieldset><legend class=\"wpforms-field-label\">Nom <span class=\"wpforms-required-label\" aria-hidden=\"true\">*<\/span><\/legend><div class=\"wpforms-field-row wpforms-field-medium\"><div class=\"wpforms-field-row-block wpforms-first wpforms-one-half\"><input type=\"text\" id=\"wpforms-65-field_0\" class=\"wpforms-field-name-first wpforms-field-required\" name=\"wpforms[fields][0][first]\" aria-errormessage=\"wpforms-65-field_0-error\" required><label for=\"wpforms-65-field_0\" class=\"wpforms-field-sublabel after\">Vorname<\/label><\/div><div class=\"wpforms-field-row-block wpforms-one-half\"><input type=\"text\" id=\"wpforms-65-field_0-last\" class=\"wpforms-field-name-last wpforms-field-required\" name=\"wpforms[fields][0][last]\" aria-errormessage=\"wpforms-65-field_0-last-error\" required><label for=\"wpforms-65-field_0-last\" class=\"wpforms-field-sublabel after\">Nachname<\/label><\/div><\/div><\/fieldset><\/div><div id=\"wpforms-65-field_1-container\" class=\"wpforms-field wpforms-field-email\" data-field-id=\"1\"><label class=\"wpforms-field-label\" for=\"wpforms-65-field_1\">E-mail <span class=\"wpforms-required-label\" aria-hidden=\"true\">*<\/span><\/label><input type=\"email\" id=\"wpforms-65-field_1\" class=\"wpforms-field-medium wpforms-field-required\" name=\"wpforms[fields][1]\" spellcheck=\"false\" aria-errormessage=\"wpforms-65-field_1-error\" required><\/div><div id=\"wpforms-65-field_2-container\" class=\"wpforms-field wpforms-field-textarea\" data-field-id=\"2\"><label class=\"wpforms-field-label\" for=\"wpforms-65-field_2\">Commentaire ou message<\/label><textarea id=\"wpforms-65-field_2\" class=\"wpforms-field-medium\" name=\"wpforms[fields][2]\" aria-errormessage=\"wpforms-65-field_2-error\" ><\/textarea><\/div><\/div><!-- .wpforms-field-container --><div class=\"wpforms-submit-container\" ><input type=\"hidden\" name=\"wpforms[id]\" value=\"65\"><input type=\"hidden\" name=\"page_title\" value=\"\"><input type=\"hidden\" name=\"page_url\" value=\"https:\/\/van-3d.com\/de\/wp-json\/wp\/v2\/pages\/67\"><input type=\"hidden\" name=\"url_referer\" value=\"\"><button type=\"submit\" name=\"wpforms[submit]\" id=\"wpforms-submit-65\" class=\"wpforms-submit\" data-alt-text=\"Envoi...\" data-submit-text=\"Envoyer\" aria-live=\"assertive\" value=\"wpforms-submit\">Envoyer<\/button><img loading=\"lazy\" decoding=\"async\" src=\"https:\/\/van-3d.com\/wp-content\/plugins\/wpforms-lite\/assets\/images\/submit-spin.svg\" class=\"wpforms-submit-spinner\" style=\"display: none;\" width=\"26\" height=\"26\" alt=\"Wird geladen\"><\/div><\/form><\/div>  <!-- .wpforms-container -->\n","protected":false},"excerpt":{"rendered":"<p>Haben Sie einen speziellen Bedarf oder Schwierigkeiten mit Ihren Einrichtungspl\u00e4nen? Z\u00f6gern Sie nicht, uns zu kontaktieren, da wir uns gerne bei diesem Thema, das uns begeistert, n\u00fctzlich machen! Sie k\u00f6nnen uns also gerne eine kurze Nachricht \u00fcber das untenstehende Formular hinterlassen:<\/p>","protected":false},"author":1,"featured_media":0,"parent":0,"menu_order":0,"comment_status":"closed","ping_status":"closed","template":"","meta":{"footnotes":""},"class_list":["post-67","page","type-page","status-publish"],"yoast_head":"<!-- This site is optimized with the Yoast SEO plugin v27.5 - https:\/\/yoast.com\/product\/yoast-seo-wordpress\/ -->\n<title>Contactez Nous !<\/title>\n<meta name=\"robots\" content=\"index, follow, max-snippet:-1, max-image-preview:large, max-video-preview:-1\" \/>\n<link rel=\"canonical\" href=\"https:\/\/van-3d.com\/de\/nous-contacter\/\" \/>\n<meta property=\"og:locale\" content=\"de_DE\" \/>\n<meta property=\"og:type\" content=\"article\" \/>\n<meta property=\"og:title\" content=\"Contactez Nous !\" \/>\n<meta property=\"og:description\" content=\"Un besoin sp\u00e9cifique, des difficult\u00e9s avec vos plans d&rsquo;am\u00e9nagement ? N&rsquo;h\u00e9sitez pas \u00e0 nous contacter car nous aimons nous rendre utile sur ce sujet qui nous passionne ! Alors sentez vous libre de nous laisser un pti message via le formulaire ci-dessous :\" \/>\n<meta property=\"og:url\" content=\"https:\/\/van-3d.com\/de\/nous-contacter\/\" \/>\n<meta property=\"og:site_name\" content=\"VAN 3D\" \/>\n<meta property=\"article:modified_time\" content=\"2024-06-21T15:30:51+00:00\" \/>\n<meta name=\"twitter:card\" content=\"summary_large_image\" \/>\n<script type=\"application\/ld+json\" class=\"yoast-schema-graph\">{\"@context\":\"https:\\\/\\\/schema.org\",\"@graph\":[{\"@type\":\"WebPage\",\"@id\":\"https:\\\/\\\/van-3d.com\\\/nous-contacter\\\/\",\"url\":\"https:\\\/\\\/van-3d.com\\\/nous-contacter\\\/\",\"name\":\"Contactez Nous !\",\"isPartOf\":{\"@id\":\"https:\\\/\\\/van-3d.com\\\/#website\"},\"datePublished\":\"2024-06-21T15:30:50+00:00\",\"dateModified\":\"2024-06-21T15:30:51+00:00\",\"breadcrumb\":{\"@id\":\"https:\\\/\\\/van-3d.com\\\/nous-contacter\\\/#breadcrumb\"},\"inLanguage\":\"de\",\"potentialAction\":[{\"@type\":\"ReadAction\",\"target\":[\"https:\\\/\\\/van-3d.com\\\/nous-contacter\\\/\"]}]},{\"@type\":\"BreadcrumbList\",\"@id\":\"https:\\\/\\\/van-3d.com\\\/nous-contacter\\\/#breadcrumb\",\"itemListElement\":[{\"@type\":\"ListItem\",\"position\":1,\"name\":\"Accueil\",\"item\":\"https:\\\/\\\/van-3d.com\\\/\"},{\"@type\":\"ListItem\",\"position\":2,\"name\":\"Contactez Nous !\"}]},{\"@type\":\"WebSite\",\"@id\":\"https:\\\/\\\/van-3d.com\\\/#website\",\"url\":\"https:\\\/\\\/van-3d.com\\\/\",\"name\":\"VAN 3D\",\"description\":\"Le blog du plan 3D pour Van et Fourgon am\u00e9nag\u00e9\",\"publisher\":{\"@id\":\"https:\\\/\\\/van-3d.com\\\/#organization\"},\"potentialAction\":[{\"@type\":\"SearchAction\",\"target\":{\"@type\":\"EntryPoint\",\"urlTemplate\":\"https:\\\/\\\/van-3d.com\\\/?s={search_term_string}\"},\"query-input\":{\"@type\":\"PropertyValueSpecification\",\"valueRequired\":true,\"valueName\":\"search_term_string\"}}],\"inLanguage\":\"de\"},{\"@type\":\"Organization\",\"@id\":\"https:\\\/\\\/van-3d.com\\\/#organization\",\"name\":\"VAN 3D\",\"url\":\"https:\\\/\\\/van-3d.com\\\/\",\"logo\":{\"@type\":\"ImageObject\",\"inLanguage\":\"de\",\"@id\":\"https:\\\/\\\/van-3d.com\\\/#\\\/schema\\\/logo\\\/image\\\/\",\"url\":\"https:\\\/\\\/van-3d.com\\\/wp-content\\\/uploads\\\/2024\\\/06\\\/cropped-plan-3D.com_.png\",\"contentUrl\":\"https:\\\/\\\/van-3d.com\\\/wp-content\\\/uploads\\\/2024\\\/06\\\/cropped-plan-3D.com_.png\",\"width\":500,\"height\":471,\"caption\":\"VAN 3D\"},\"image\":{\"@id\":\"https:\\\/\\\/van-3d.com\\\/#\\\/schema\\\/logo\\\/image\\\/\"}}]}<\/script>\n<!-- \/ Yoast SEO plugin. -->","yoast_head_json":{"title":"Kontaktieren Sie Uns!","robots":{"index":"index","follow":"follow","max-snippet":"max-snippet:-1","max-image-preview":"max-image-preview:large","max-video-preview":"max-video-preview:-1"},"canonical":"https:\/\/van-3d.com\/de\/nous-contacter\/","og_locale":"de_DE","og_type":"article","og_title":"Contactez Nous !","og_description":"Un besoin sp\u00e9cifique, des difficult\u00e9s avec vos plans d&rsquo;am\u00e9nagement ? N&rsquo;h\u00e9sitez pas \u00e0 nous contacter car nous aimons nous rendre utile sur ce sujet qui nous passionne ! Alors sentez vous libre de nous laisser un pti message via le formulaire ci-dessous :","og_url":"https:\/\/van-3d.com\/de\/nous-contacter\/","og_site_name":"VAN 3D","article_modified_time":"2024-06-21T15:30:51+00:00","twitter_card":"summary_large_image","schema":{"@context":"https:\/\/schema.org","@graph":[{"@type":"WebPage","@id":"https:\/\/van-3d.com\/nous-contacter\/","url":"https:\/\/van-3d.com\/nous-contacter\/","name":"Kontaktieren Sie Uns!","isPartOf":{"@id":"https:\/\/van-3d.com\/#website"},"datePublished":"2024-06-21T15:30:50+00:00","dateModified":"2024-06-21T15:30:51+00:00","breadcrumb":{"@id":"https:\/\/van-3d.com\/nous-contacter\/#breadcrumb"},"inLanguage":"de","potentialAction":[{"@type":"ReadAction","target":["https:\/\/van-3d.com\/nous-contacter\/"]}]},{"@type":"BreadcrumbList","@id":"https:\/\/van-3d.com\/nous-contacter\/#breadcrumb","itemListElement":[{"@type":"ListItem","position":1,"name":"Accueil","item":"https:\/\/van-3d.com\/"},{"@type":"ListItem","position":2,"name":"Contactez Nous !"}]},{"@type":"WebSite","@id":"https:\/\/van-3d.com\/#website","url":"https:\/\/van-3d.com\/","name":"VAN 3D","description":"Der Blog zum 3D-Plan f\u00fcr Van und Kastenwagen","publisher":{"@id":"https:\/\/van-3d.com\/#organization"},"potentialAction":[{"@type":"SearchAction","target":{"@type":"EntryPoint","urlTemplate":"https:\/\/van-3d.com\/?s={search_term_string}"},"query-input":{"@type":"PropertyValueSpecification","valueRequired":true,"valueName":"search_term_string"}}],"inLanguage":"de"},{"@type":"Organization","@id":"https:\/\/van-3d.com\/#organization","name":"VAN 3D","url":"https:\/\/van-3d.com\/","logo":{"@type":"ImageObject","inLanguage":"de","@id":"https:\/\/van-3d.com\/#\/schema\/logo\/image\/","url":"https:\/\/van-3d.com\/wp-content\/uploads\/2024\/06\/cropped-plan-3D.com_.png","contentUrl":"https:\/\/van-3d.com\/wp-content\/uploads\/2024\/06\/cropped-plan-3D.com_.png","width":500,"height":471,"caption":"VAN 3D"},"image":{"@id":"https:\/\/van-3d.com\/#\/schema\/logo\/image\/"}}]}},"_links":{"self":[{"href":"https:\/\/van-3d.com\/de\/wp-json\/wp\/v2\/pages\/67","targetHints":{"allow":["GET"]}}],"collection":[{"href":"https:\/\/van-3d.com\/de\/wp-json\/wp\/v2\/pages"}],"about":[{"href":"https:\/\/van-3d.com\/de\/wp-json\/wp\/v2\/types\/page"}],"author":[{"embeddable":true,"href":"https:\/\/van-3d.com\/de\/wp-json\/wp\/v2\/users\/1"}],"replies":[{"embeddable":true,"href":"https:\/\/van-3d.com\/de\/wp-json\/wp\/v2\/comments?post=67"}],"version-history":[{"count":1,"href":"https:\/\/van-3d.com\/de\/wp-json\/wp\/v2\/pages\/67\/revisions"}],"predecessor-version":[{"id":68,"href":"https:\/\/van-3d.com\/de\/wp-json\/wp\/v2\/pages\/67\/revisions\/68"}],"wp:attachment":[{"href":"https:\/\/van-3d.com\/de\/wp-json\/wp\/v2\/media?parent=67"}],"curies":[{"name":"wp","href":"https:\/\/api.w.org\/{rel}","templated":true}]}}