{"id":59,"date":"2024-06-21T15:03:00","date_gmt":"2024-06-21T15:03:00","guid":{"rendered":"https:\/\/van-3d.com\/?page_id=59"},"modified":"2024-06-21T15:06:54","modified_gmt":"2024-06-21T15:06:54","slug":"a-propos-de-nous","status":"publish","type":"page","link":"https:\/\/van-3d.com\/de\/a-propos-de-nous\/","title":{"rendered":"\u00dcber uns"},"content":{"rendered":"<figure class=\"gb-block-image gb-block-image-449b2715\"><img loading=\"lazy\" decoding=\"async\" width=\"300\" height=\"215\" class=\"gb-image gb-image-449b2715\" src=\"https:\/\/van-3d.com\/wp-content\/uploads\/2024\/06\/a-propos-de-nous-van3d-300x215.jpg\" alt=\" plan a propos de nous\" title=\"a-\u00fcber-uns-van3d\" srcset=\"https:\/\/van-3d.com\/wp-content\/uploads\/2024\/06\/a-propos-de-nous-van3d-300x215.jpg 300w, https:\/\/van-3d.com\/wp-content\/uploads\/2024\/06\/a-propos-de-nous-van3d-768x549.jpg 768w, https:\/\/van-3d.com\/wp-content\/uploads\/2024\/06\/a-propos-de-nous-van3d.jpg 867w\" sizes=\"auto, (max-width: 300px) 100vw, 300px\" \/><\/figure>\n\n\n\n<p>Willkommen auf VAN-3D, ich bin Julien, ein leidenschaftlicher Va und ausgebauter Kastenwagen seit nunmehr zehn Jahren. Ich habe beschlossen, einen kleinen Blog zu erstellen, um Ihnen bei der Gestaltung und dem <strong>3D-Modellierung<\/strong> Ihrer Zukunft <strong>umgebautes Fahrzeug<\/strong>. Da es schwierig ist, bei null anzufangen, ist es eine gro\u00dfartige Inspirationsquelle, sich von der Gestaltung inspirieren zu lassen, die man normalerweise auf YouTube findet. Doch zwischen dem, was man in den Videos sieht, und dem, was man tats\u00e4chlich umsetzen m\u00f6chte, liegen Welten!&nbsp;<\/p>\n\n\n\n<p>In dieser Hinsicht ist die Verwirklichung von <strong>3D-Plan<\/strong> k\u00f6nnen Ihnen dabei helfen. Ich hoffe, dass Sie hier alle Ressourcen finden, die Sie ben\u00f6tigen, um Ihr Projekt so einfach wie m\u00f6glich in die Tat umzusetzen. Egal, ob Sie ein Neuling oder ein Experte sind, unsere Ressourcen sind darauf ausgelegt, die Einrichtung Ihres Vans einfach und zug\u00e4nglich zu machen. Finden Sie heraus, wie Sie Ihren Platz optimieren und Ihre Vision verwirklichen k\u00f6nnen mit <strong>VAN-3D<\/strong>.<\/p>","protected":false},"excerpt":{"rendered":"<p>Bienvenue sur VAN-3D, moi c\u2019est Julien, un passionn\u00e9 de va et fourgon am\u00e9nag\u00e9 depuis une dizaine d&rsquo;ann\u00e9es maintenant. J\u2019ai d\u00e9cid\u00e9 de cr\u00e9er un petit blog pour vous aider \u00e0 la conception et \u00e0 la mod\u00e9lisation 3D de votre futur v\u00e9hicule am\u00e9nag\u00e9. Comme il est difficile de partir de z\u00e9ro, s\u2019inspirer d\u2019am\u00e9nagement qu\u2019on retrouve g\u00e9n\u00e9ralement sur &#8230; <a title=\"\u00dcber uns\" class=\"read-more\" href=\"https:\/\/van-3d.com\/de\/a-propos-de-nous\/\" aria-label=\"Mehr Informationen \u00fcber A propos de nous\">Weiterlesen &#8230;<\/a><\/p>","protected":false},"author":1,"featured_media":0,"parent":0,"menu_order":0,"comment_status":"closed","ping_status":"closed","template":"","meta":{"footnotes":""},"class_list":["post-59","page","type-page","status-publish"],"yoast_head":"<!-- This site is optimized with the Yoast SEO plugin v27.5 - https:\/\/yoast.com\/product\/yoast-seo-wordpress\/ -->\n<title>A propos de nous<\/title>\n<meta name=\"description\" content=\"Voici une courte pr\u00e9sentation de notre blog et de qui nous somme. Nous partageons ici notre passion pour l&#039;am\u00e9nagement et le plan 3D\" \/>\n<meta name=\"robots\" content=\"index, follow, max-snippet:-1, max-image-preview:large, max-video-preview:-1\" \/>\n<link rel=\"canonical\" href=\"https:\/\/van-3d.com\/de\/a-propos-de-nous\/\" \/>\n<meta property=\"og:locale\" content=\"de_DE\" \/>\n<meta property=\"og:type\" content=\"article\" \/>\n<meta property=\"og:title\" content=\"A propos de nous\" \/>\n<meta property=\"og:description\" content=\"Voici une courte pr\u00e9sentation de notre blog et de qui nous somme. Nous partageons ici notre passion pour l&#039;am\u00e9nagement et le plan 3D\" \/>\n<meta property=\"og:url\" content=\"https:\/\/van-3d.com\/de\/a-propos-de-nous\/\" \/>\n<meta property=\"og:site_name\" content=\"VAN 3D\" \/>\n<meta property=\"article:modified_time\" content=\"2024-06-21T15:06:54+00:00\" \/>\n<meta property=\"og:image\" content=\"https:\/\/van-3d.com\/wp-content\/uploads\/2024\/06\/a-propos-de-nous-van3d-300x215.jpg\" \/>\n<meta name=\"twitter:card\" content=\"summary_large_image\" \/>\n<meta name=\"twitter:label1\" content=\"Gesch\u00e4tzte Lesezeit\" \/>\n\t<meta name=\"twitter:data1\" content=\"1\u00a0Minute\" \/>\n<script type=\"application\/ld+json\" class=\"yoast-schema-graph\">{\"@context\":\"https:\\\/\\\/schema.org\",\"@graph\":[{\"@type\":\"WebPage\",\"@id\":\"https:\\\/\\\/van-3d.com\\\/a-propos-de-nous\\\/\",\"url\":\"https:\\\/\\\/van-3d.com\\\/a-propos-de-nous\\\/\",\"name\":\"A propos de nous\",\"isPartOf\":{\"@id\":\"https:\\\/\\\/van-3d.com\\\/#website\"},\"primaryImageOfPage\":{\"@id\":\"https:\\\/\\\/van-3d.com\\\/a-propos-de-nous\\\/#primaryimage\"},\"image\":{\"@id\":\"https:\\\/\\\/van-3d.com\\\/a-propos-de-nous\\\/#primaryimage\"},\"thumbnailUrl\":\"https:\\\/\\\/van-3d.com\\\/wp-content\\\/uploads\\\/2024\\\/06\\\/a-propos-de-nous-van3d-300x215.jpg\",\"datePublished\":\"2024-06-21T15:03:00+00:00\",\"dateModified\":\"2024-06-21T15:06:54+00:00\",\"description\":\"Voici une courte pr\u00e9sentation de notre blog et de qui nous somme. Nous partageons ici notre passion pour l'am\u00e9nagement et le plan 3D\",\"breadcrumb\":{\"@id\":\"https:\\\/\\\/van-3d.com\\\/a-propos-de-nous\\\/#breadcrumb\"},\"inLanguage\":\"de\",\"potentialAction\":[{\"@type\":\"ReadAction\",\"target\":[\"https:\\\/\\\/van-3d.com\\\/a-propos-de-nous\\\/\"]}]},{\"@type\":\"ImageObject\",\"inLanguage\":\"de\",\"@id\":\"https:\\\/\\\/van-3d.com\\\/a-propos-de-nous\\\/#primaryimage\",\"url\":\"https:\\\/\\\/van-3d.com\\\/wp-content\\\/uploads\\\/2024\\\/06\\\/a-propos-de-nous-van3d-300x215.jpg\",\"contentUrl\":\"https:\\\/\\\/van-3d.com\\\/wp-content\\\/uploads\\\/2024\\\/06\\\/a-propos-de-nous-van3d-300x215.jpg\"},{\"@type\":\"BreadcrumbList\",\"@id\":\"https:\\\/\\\/van-3d.com\\\/a-propos-de-nous\\\/#breadcrumb\",\"itemListElement\":[{\"@type\":\"ListItem\",\"position\":1,\"name\":\"Accueil\",\"item\":\"https:\\\/\\\/van-3d.com\\\/\"},{\"@type\":\"ListItem\",\"position\":2,\"name\":\"A propos de nous\"}]},{\"@type\":\"WebSite\",\"@id\":\"https:\\\/\\\/van-3d.com\\\/#website\",\"url\":\"https:\\\/\\\/van-3d.com\\\/\",\"name\":\"VAN 3D\",\"description\":\"Le blog du plan 3D pour Van et Fourgon am\u00e9nag\u00e9\",\"publisher\":{\"@id\":\"https:\\\/\\\/van-3d.com\\\/#organization\"},\"potentialAction\":[{\"@type\":\"SearchAction\",\"target\":{\"@type\":\"EntryPoint\",\"urlTemplate\":\"https:\\\/\\\/van-3d.com\\\/?s={search_term_string}\"},\"query-input\":{\"@type\":\"PropertyValueSpecification\",\"valueRequired\":true,\"valueName\":\"search_term_string\"}}],\"inLanguage\":\"de\"},{\"@type\":\"Organization\",\"@id\":\"https:\\\/\\\/van-3d.com\\\/#organization\",\"name\":\"VAN 3D\",\"url\":\"https:\\\/\\\/van-3d.com\\\/\",\"logo\":{\"@type\":\"ImageObject\",\"inLanguage\":\"de\",\"@id\":\"https:\\\/\\\/van-3d.com\\\/#\\\/schema\\\/logo\\\/image\\\/\",\"url\":\"https:\\\/\\\/van-3d.com\\\/wp-content\\\/uploads\\\/2024\\\/06\\\/cropped-plan-3D.com_.png\",\"contentUrl\":\"https:\\\/\\\/van-3d.com\\\/wp-content\\\/uploads\\\/2024\\\/06\\\/cropped-plan-3D.com_.png\",\"width\":500,\"height\":471,\"caption\":\"VAN 3D\"},\"image\":{\"@id\":\"https:\\\/\\\/van-3d.com\\\/#\\\/schema\\\/logo\\\/image\\\/\"}}]}<\/script>\n<!-- \/ Yoast SEO plugin. -->","yoast_head_json":{"title":"\u00dcber uns","description":"Hier ist eine kurze Vorstellung unseres Blogs und wer wir sind. Hier teilen wir unsere Leidenschaft f\u00fcr das Einrichten und 3D-Planen.","robots":{"index":"index","follow":"follow","max-snippet":"max-snippet:-1","max-image-preview":"max-image-preview:large","max-video-preview":"max-video-preview:-1"},"canonical":"https:\/\/van-3d.com\/de\/a-propos-de-nous\/","og_locale":"de_DE","og_type":"article","og_title":"A propos de nous","og_description":"Voici une courte pr\u00e9sentation de notre blog et de qui nous somme. Nous partageons ici notre passion pour l'am\u00e9nagement et le plan 3D","og_url":"https:\/\/van-3d.com\/de\/a-propos-de-nous\/","og_site_name":"VAN 3D","article_modified_time":"2024-06-21T15:06:54+00:00","og_image":[{"url":"https:\/\/van-3d.com\/wp-content\/uploads\/2024\/06\/a-propos-de-nous-van3d-300x215.jpg","type":"","width":"","height":""}],"twitter_card":"summary_large_image","twitter_misc":{"Gesch\u00e4tzte Lesezeit":"1\u00a0Minute"},"schema":{"@context":"https:\/\/schema.org","@graph":[{"@type":"WebPage","@id":"https:\/\/van-3d.com\/a-propos-de-nous\/","url":"https:\/\/van-3d.com\/a-propos-de-nous\/","name":"\u00dcber uns","isPartOf":{"@id":"https:\/\/van-3d.com\/#website"},"primaryImageOfPage":{"@id":"https:\/\/van-3d.com\/a-propos-de-nous\/#primaryimage"},"image":{"@id":"https:\/\/van-3d.com\/a-propos-de-nous\/#primaryimage"},"thumbnailUrl":"https:\/\/van-3d.com\/wp-content\/uploads\/2024\/06\/a-propos-de-nous-van3d-300x215.jpg","datePublished":"2024-06-21T15:03:00+00:00","dateModified":"2024-06-21T15:06:54+00:00","description":"Hier ist eine kurze Vorstellung unseres Blogs und wer wir sind. Hier teilen wir unsere Leidenschaft f\u00fcr das Einrichten und 3D-Planen.","breadcrumb":{"@id":"https:\/\/van-3d.com\/a-propos-de-nous\/#breadcrumb"},"inLanguage":"de","potentialAction":[{"@type":"ReadAction","target":["https:\/\/van-3d.com\/a-propos-de-nous\/"]}]},{"@type":"ImageObject","inLanguage":"de","@id":"https:\/\/van-3d.com\/a-propos-de-nous\/#primaryimage","url":"https:\/\/van-3d.com\/wp-content\/uploads\/2024\/06\/a-propos-de-nous-van3d-300x215.jpg","contentUrl":"https:\/\/van-3d.com\/wp-content\/uploads\/2024\/06\/a-propos-de-nous-van3d-300x215.jpg"},{"@type":"BreadcrumbList","@id":"https:\/\/van-3d.com\/a-propos-de-nous\/#breadcrumb","itemListElement":[{"@type":"ListItem","position":1,"name":"Accueil","item":"https:\/\/van-3d.com\/"},{"@type":"ListItem","position":2,"name":"A propos de nous"}]},{"@type":"WebSite","@id":"https:\/\/van-3d.com\/#website","url":"https:\/\/van-3d.com\/","name":"VAN 3D","description":"Der Blog zum 3D-Plan f\u00fcr Van und Kastenwagen","publisher":{"@id":"https:\/\/van-3d.com\/#organization"},"potentialAction":[{"@type":"SearchAction","target":{"@type":"EntryPoint","urlTemplate":"https:\/\/van-3d.com\/?s={search_term_string}"},"query-input":{"@type":"PropertyValueSpecification","valueRequired":true,"valueName":"search_term_string"}}],"inLanguage":"de"},{"@type":"Organization","@id":"https:\/\/van-3d.com\/#organization","name":"VAN 3D","url":"https:\/\/van-3d.com\/","logo":{"@type":"ImageObject","inLanguage":"de","@id":"https:\/\/van-3d.com\/#\/schema\/logo\/image\/","url":"https:\/\/van-3d.com\/wp-content\/uploads\/2024\/06\/cropped-plan-3D.com_.png","contentUrl":"https:\/\/van-3d.com\/wp-content\/uploads\/2024\/06\/cropped-plan-3D.com_.png","width":500,"height":471,"caption":"VAN 3D"},"image":{"@id":"https:\/\/van-3d.com\/#\/schema\/logo\/image\/"}}]}},"_links":{"self":[{"href":"https:\/\/van-3d.com\/de\/wp-json\/wp\/v2\/pages\/59","targetHints":{"allow":["GET"]}}],"collection":[{"href":"https:\/\/van-3d.com\/de\/wp-json\/wp\/v2\/pages"}],"about":[{"href":"https:\/\/van-3d.com\/de\/wp-json\/wp\/v2\/types\/page"}],"author":[{"embeddable":true,"href":"https:\/\/van-3d.com\/de\/wp-json\/wp\/v2\/users\/1"}],"replies":[{"embeddable":true,"href":"https:\/\/van-3d.com\/de\/wp-json\/wp\/v2\/comments?post=59"}],"version-history":[{"count":2,"href":"https:\/\/van-3d.com\/de\/wp-json\/wp\/v2\/pages\/59\/revisions"}],"predecessor-version":[{"id":63,"href":"https:\/\/van-3d.com\/de\/wp-json\/wp\/v2\/pages\/59\/revisions\/63"}],"wp:attachment":[{"href":"https:\/\/van-3d.com\/de\/wp-json\/wp\/v2\/media?parent=59"}],"curies":[{"name":"wp","href":"https:\/\/api.w.org\/{rel}","templated":true}]}}